{"id":21,"date":"2014-10-17T11:21:28","date_gmt":"2014-10-17T09:21:28","guid":{"rendered":"http:\/\/blogs.ruhr-uni-bochum.de\/wordpress\/blogs\/krollmd9\/?page_id=21"},"modified":"2014-11-02T09:16:36","modified_gmt":"2014-11-02T08:16:36","slug":"ad-personam","status":"publish","type":"page","link":"https:\/\/kroll.blogs.ruhr-uni-bochum.de\/","title":{"rendered":"ad personam"},"content":{"rendered":"<p>Geboren 1981 in Dortmund ist bis heute diese Stadt mein Heimathafen geblieben, zu dem ich immer zur\u00fcckkehrte.<\/p>\n<p>Grundschule, Sek I und Sek II wurden in vorgesehener Regelschulzeit absolviert, bevor der Grundwehrdienst mich erst in die Eifel und dann nach D\u00fcsseldorf zum Fernmeldebattailon f\u00fchrte.<\/p>\n<p>Meine Studienzeit in Bochum begann mit einem Orientierungsstudium in Wirtschaftswissenschaften &#8211; die Erkenntnis, dass Geld nicht alles sei, schlich sich im des zweiten Semesters ein. Folglich sollten die pers\u00f6nlichen Interessen sich auch im Studienfach ausdr\u00fccken, sodass ein Studienfachwechsel mit der Kombination Geschichte \/ Kath.Theologie erfolgte. Es trug sich zu, dass mit dem Fachwechsel der neu-eingef\u00fchrte Bolognastudiengang Bachelor of Arts besucht werden konnte. Viele Fragen kamen w\u00e4hrend des Studiums auf, die zeitintensivste war sicherlich die nach dem Graecum: ja, nein, vielleicht &#8211; also Griechisch lernen. (In der Akkreditierung entfiel Griechisch dann&#8230;)<br \/>\nIns Ausland sollte der Weg auf jeden Fall nochmal f\u00fchren: mit Erasmus nach Krakau, Polen; als Gast verbrachte ich im sp\u00e4teren Semester viel Zeit in Oslo, Nowegen. Sehr sch\u00f6n, aber auch sehr teuer&#8230; eher schwierig mit Erasmus.<\/p>\n<p>Nach dem Bachelor of Arts und dem Master of Education sollte mich der Weg nicht zielgerichtet in die Schule f\u00fchren, sondern in die internationale Jugendarbeit: das Projekt <a href=\"http:\/\/www.ewoca.org\" target=\"_blank\">ewoca3 <\/a>rief. Zum Ende der ersten F\u00f6rderphase, an die durch gute Lobbyarbeit eine zweite F\u00f6rderphasen ankn\u00fcpfen sollte, erfolgte eine ordentliche Staffelstab\u00fcbergabe und mein Weg f\u00fchrte zur\u00fcck an die Universit\u00e4t zur Alma Mater nach Bochum an den Lehrstuhl f\u00fcr Kirchengeschichte.<\/p>\n<p>Daneben bleibt immer etwas Zeit f\u00fcr <a href=\"http:\/\/www.svd49-baskets.de\/\" target=\"_blank\">Basketball<\/a>, sei es als Spieler, Schiedsrichter oder Trainer.<\/p>\n<p>Schnittmengen zwischen Beruf und Hobby gibt es vornehmlich im Bereich Neue Medien, IT-Administration, EDV.<\/p>\n<p>Dies sei an dieser Stelle vorerst genug.<\/p>\n","protected":false},"excerpt":{"rendered":"<p>Geboren 1981 in Dortmund ist bis heute diese Stadt mein Heimathafen geblieben, zu dem ich immer zur\u00fcckkehrte. Grundschule, Sek I und Sek II wurden in vorgesehener Regelschulzeit absolviert, bevor der Grundwehrdienst mich erst in die Eifel und dann nach D\u00fcsseldorf zum Fernmeldebattailon f\u00fchrte. Meine Studienzeit in Bochum begann mit einem Orientierungsstudium in Wirtschaftswissenschaften &#8211; die &#8230; <a class=\"more-link\" href=\"https:\/\/kroll.blogs.ruhr-uni-bochum.de\/\">[Read more&#8230;]<\/a><\/p>\n","protected":false},"author":7,"featured_media":0,"parent":0,"menu_order":0,"comment_status":"open","ping_status":"open","template":"","meta":{"footnotes":""},"class_list":["entry","page","publish","author-krollmd9","post-21"],"_links":{"self":[{"href":"https:\/\/kroll.blogs.ruhr-uni-bochum.de\/index.php?rest_route=\/wp\/v2\/pages\/21","targetHints":{"allow":["GET"]}}],"collection":[{"href":"https:\/\/kroll.blogs.ruhr-uni-bochum.de\/index.php?rest_route=\/wp\/v2\/pages"}],"about":[{"href":"https:\/\/kroll.blogs.ruhr-uni-bochum.de\/index.php?rest_route=\/wp\/v2\/types\/page"}],"author":[{"embeddable":true,"href":"https:\/\/kroll.blogs.ruhr-uni-bochum.de\/index.php?rest_route=\/wp\/v2\/users\/7"}],"replies":[{"embeddable":true,"href":"https:\/\/kroll.blogs.ruhr-uni-bochum.de\/index.php?rest_route=%2Fwp%2Fv2%2Fcomments&post=21"}],"version-history":[{"count":3,"href":"https:\/\/kroll.blogs.ruhr-uni-bochum.de\/index.php?rest_route=\/wp\/v2\/pages\/21\/revisions"}],"predecessor-version":[{"id":42,"href":"https:\/\/kroll.blogs.ruhr-uni-bochum.de\/index.php?rest_route=\/wp\/v2\/pages\/21\/revisions\/42"}],"wp:attachment":[{"href":"https:\/\/kroll.blogs.ruhr-uni-bochum.de\/index.php?rest_route=%2Fwp%2Fv2%2Fmedia&parent=21"}],"curies":[{"name":"wp","href":"https:\/\/api.w.org\/{rel}","templated":true}]}}